{"id":2301,"date":"2023-02-09T15:27:11","date_gmt":"2023-02-09T14:27:11","guid":{"rendered":"https:\/\/fnaaf.org\/?page_id=2301"},"modified":"2025-03-02T12:36:03","modified_gmt":"2025-03-02T11:36:03","slug":"les-aidants","status":"publish","type":"page","link":"https:\/\/fnaaf.org\/?page_id=2301","title":{"rendered":"Les Aidants"},"content":{"rendered":"\t\t<div data-elementor-type=\"wp-page\" data-elementor-id=\"2301\" class=\"elementor elementor-2301\">\n\t\t\t\t\t\t<section class=\"elementor-section elementor-top-section elementor-element elementor-element-91233a3 elementor-section-boxed elementor-section-height-default elementor-section-height-default\" data-id=\"91233a3\" data-element_type=\"section\" data-settings=\"{&quot;background_background&quot;:&quot;classic&quot;}\">\n\t\t\t\t\t\t\t<div class=\"elementor-background-overlay\"><\/div>\n\t\t\t\t\t\t\t<div class=\"elementor-container elementor-column-gap-default\">\n\t\t\t\t\t<div class=\"elementor-column elementor-col-50 elementor-top-column elementor-element elementor-element-0339562\" data-id=\"0339562\" data-element_type=\"column\">\n\t\t\t<div class=\"elementor-widget-wrap elementor-element-populated\">\n\t\t\t\t\t\t<div class=\"elementor-element elementor-element-583b3cc elementor-widget elementor-widget-heading\" data-id=\"583b3cc\" data-element_type=\"widget\" data-widget_type=\"heading.default\">\n\t\t\t\t<div class=\"elementor-widget-container\">\n\t\t\t\t\t<h2 class=\"elementor-heading-title elementor-size-default\">Les Aidants<\/h2>\t\t\t\t<\/div>\n\t\t\t\t<\/div>\n\t\t\t\t\t<\/div>\n\t\t<\/div>\n\t\t\t\t<div class=\"elementor-column elementor-col-50 elementor-top-column elementor-element elementor-element-8ab4ac3\" data-id=\"8ab4ac3\" data-element_type=\"column\">\n\t\t\t<div class=\"elementor-widget-wrap\">\n\t\t\t\t\t\t\t<\/div>\n\t\t<\/div>\n\t\t\t\t\t<\/div>\n\t\t<\/section>\n\t\t\t\t<section class=\"elementor-section elementor-top-section elementor-element elementor-element-a4acbf7 elementor-section-boxed elementor-section-height-default elementor-section-height-default\" data-id=\"a4acbf7\" data-element_type=\"section\">\n\t\t\t\t\t\t<div class=\"elementor-container elementor-column-gap-default\">\n\t\t\t\t\t<div class=\"elementor-column elementor-col-50 elementor-top-column elementor-element elementor-element-728f9ce\" data-id=\"728f9ce\" data-element_type=\"column\">\n\t\t\t<div class=\"elementor-widget-wrap elementor-element-populated\">\n\t\t\t\t\t\t<div class=\"elementor-element elementor-element-602736f elementor-widget elementor-widget-heading\" data-id=\"602736f\" data-element_type=\"widget\" data-widget_type=\"heading.default\">\n\t\t\t\t<div class=\"elementor-widget-container\">\n\t\t\t\t\t<h4 class=\"elementor-heading-title elementor-size-default\">\u00catre aidant,<\/h4>\t\t\t\t<\/div>\n\t\t\t\t<\/div>\n\t\t\t\t<div class=\"elementor-element elementor-element-d3b7e76 elementor-widget elementor-widget-heading\" data-id=\"d3b7e76\" data-element_type=\"widget\" data-widget_type=\"heading.default\">\n\t\t\t\t<div class=\"elementor-widget-container\">\n\t\t\t\t\t<h3 class=\"elementor-heading-title elementor-size-default\">Les Aidants : Un Engagement Inestimable, Une Priorit\u00e9 pour la FNAAF<\/h3>\t\t\t\t<\/div>\n\t\t\t\t<\/div>\n\t\t\t\t<div class=\"elementor-element elementor-element-5b76d64 elementor-widget__width-initial elementor-widget elementor-widget-text-editor\" data-id=\"5b76d64\" data-element_type=\"widget\" data-widget_type=\"text-editor.default\">\n\t\t\t\t<div class=\"elementor-widget-container\">\n\t\t\t\t\t\t\t\t\t<div class=\"container\"><h4>Les Aidants : Qui sont-ils ?<\/h4><p>Les aidants sont des millions en France \u2013 <strong>pr\u00e8s de 11 millions de personnes<\/strong> qui, chaque jour, apportent un soutien essentiel \u00e0 un proche en perte d\u2019autonomie.<\/p><p>Ce r\u00f4le peut \u00eatre assum\u00e9 par un conjoint, un enfant, un parent, un voisin ou m\u00eame un ami. Il implique un accompagnement physique, m\u00e9dical, administratif et psychologique.<\/p><h4>Les difficult\u00e9s des aidants<\/h4><p>Les aidants font face \u00e0 de nombreux d\u00e9fis :<\/p><ul><li><strong>\u00c9puisement physique et mental :<\/strong> charge \u00e9motionnelle lourde, manque de temps pour soi.<\/li><li><strong>Isolement social :<\/strong> diminution des activit\u00e9s personnelles et des liens sociaux.<\/li><li><strong>Instabilit\u00e9 financi\u00e8re :<\/strong> r\u00e9duction du temps de travail, charges suppl\u00e9mentaires.<\/li><\/ul><p>\u00a0<\/p><\/div>\t\t\t\t\t\t\t\t<\/div>\n\t\t\t\t<\/div>\n\t\t\t\t<div class=\"elementor-element elementor-element-8d71ffa elementor-widget elementor-widget-heading\" data-id=\"8d71ffa\" data-element_type=\"widget\" data-widget_type=\"heading.default\">\n\t\t\t\t<div class=\"elementor-widget-container\">\n\t\t\t\t\t<h3 class=\"elementor-heading-title elementor-size-default\">La FNAAF : Un Acteur Engag\u00e9 pour les Aidants<\/h3>\t\t\t\t<\/div>\n\t\t\t\t<\/div>\n\t\t\t\t<div class=\"elementor-element elementor-element-a4dfe49 elementor-widget elementor-widget-text-editor\" data-id=\"a4dfe49\" data-element_type=\"widget\" data-widget_type=\"text-editor.default\">\n\t\t\t\t<div class=\"elementor-widget-container\">\n\t\t\t\t\t\t\t\t\t<p>\u00a0 La <strong>FNAAF<\/strong> \u0153uvre pour apporter des solutions concr\u00e8tes aux aidants :<br \/>&#8211; Un accompagnement administratif et juridique.<br \/>&#8211; Un r\u00e9seau de soutien et d\u2019information.<br \/>&#8211; Une alternative humaine avec l\u2019accueil familial.<\/p><h4>L\u2019Accueil Familial : Une Alternative pour Pr\u00e9server les Aidants et les Personnes Accueillies<\/h4><p>L\u2019accueil familial permet aux aidants de confier leur proche \u00e0 un professionnel agr\u00e9\u00e9 dans un cadre plus chaleureux et adapt\u00e9.<br \/>&#8211; <strong>Environnement familial :<\/strong> un cadre s\u00e9curis\u00e9 et bienveillant.<br \/>&#8211; <strong>Accompagnement individualis\u00e9 :<\/strong> respect du rythme et des besoins de la personne.<br \/>&#8211; <strong>Alternative \u00e9conomique et humaine<\/strong> aux EHPAD.<\/p>\t\t\t\t\t\t\t\t<\/div>\n\t\t\t\t<\/div>\n\t\t\t\t\t<\/div>\n\t\t<\/div>\n\t\t\t\t<div class=\"elementor-column elementor-col-50 elementor-top-column elementor-element elementor-element-fc08db3\" data-id=\"fc08db3\" data-element_type=\"column\">\n\t\t\t<div class=\"elementor-widget-wrap elementor-element-populated\">\n\t\t\t\t\t\t<div class=\"elementor-element elementor-element-524fa30 elementor-widget elementor-widget-image\" data-id=\"524fa30\" data-element_type=\"widget\" data-widget_type=\"image.default\">\n\t\t\t\t<div class=\"elementor-widget-container\">\n\t\t\t\t\t\t\t\t\t\t\t\t\t\t\t<img fetchpriority=\"high\" decoding=\"async\" width=\"683\" height=\"1024\" src=\"https:\/\/fnaaf.org\/wp-content\/uploads\/2023\/02\/pexels-antoni-shkraba-7186261-683x1024.jpg\" class=\"attachment-large size-large wp-image-2282\" alt=\"\" srcset=\"https:\/\/fnaaf.org\/wp-content\/uploads\/2023\/02\/pexels-antoni-shkraba-7186261-683x1024.jpg 683w, https:\/\/fnaaf.org\/wp-content\/uploads\/2023\/02\/pexels-antoni-shkraba-7186261-200x300.jpg 200w, https:\/\/fnaaf.org\/wp-content\/uploads\/2023\/02\/pexels-antoni-shkraba-7186261-768x1152.jpg 768w, https:\/\/fnaaf.org\/wp-content\/uploads\/2023\/02\/pexels-antoni-shkraba-7186261-1024x1536.jpg 1024w, https:\/\/fnaaf.org\/wp-content\/uploads\/2023\/02\/pexels-antoni-shkraba-7186261-1366x2048.jpg 1366w, https:\/\/fnaaf.org\/wp-content\/uploads\/2023\/02\/pexels-antoni-shkraba-7186261.jpg 1707w\" sizes=\"(max-width: 683px) 100vw, 683px\" \/>\t\t\t\t\t\t\t\t\t\t\t\t\t\t\t<\/div>\n\t\t\t\t<\/div>\n\t\t\t\t\t<\/div>\n\t\t<\/div>\n\t\t\t\t\t<\/div>\n\t\t<\/section>\n\t\t\t\t<\/div>\n\t\t","protected":false},"excerpt":{"rendered":"<p>Les Aidants \u00catre aidant, Les Aidants : Un Engagement Inestimable, Une Priorit\u00e9 pour la FNAAF Les Aidants : Qui sont-ils ? Les aidants sont des millions en France \u2013 pr\u00e8s de 11 millions de personnes qui, chaque jour, apportent un soutien essentiel \u00e0 un proche en perte d\u2019autonomie. Ce r\u00f4le peut \u00eatre assum\u00e9 par un&#8230;<\/p>\n","protected":false},"author":1,"featured_media":0,"parent":0,"menu_order":0,"comment_status":"closed","ping_status":"closed","template":"elementor_theme","meta":{"_kadence_starter_templates_imported_post":false,"_kad_post_transparent":"","_kad_post_title":"hide","_kad_post_layout":"fullwidth","_kad_post_sidebar_id":"","_kad_post_content_style":"unboxed","_kad_post_vertical_padding":"hide","_kad_post_feature":"hide","_kad_post_feature_position":"","_kad_post_header":false,"_kad_post_footer":false,"footnotes":""},"class_list":["post-2301","page","type-page","status-publish","hentry"],"_links":{"self":[{"href":"https:\/\/fnaaf.org\/index.php?rest_route=\/wp\/v2\/pages\/2301","targetHints":{"allow":["GET"]}}],"collection":[{"href":"https:\/\/fnaaf.org\/index.php?rest_route=\/wp\/v2\/pages"}],"about":[{"href":"https:\/\/fnaaf.org\/index.php?rest_route=\/wp\/v2\/types\/page"}],"author":[{"embeddable":true,"href":"https:\/\/fnaaf.org\/index.php?rest_route=\/wp\/v2\/users\/1"}],"replies":[{"embeddable":true,"href":"https:\/\/fnaaf.org\/index.php?rest_route=%2Fwp%2Fv2%2Fcomments&post=2301"}],"version-history":[{"count":28,"href":"https:\/\/fnaaf.org\/index.php?rest_route=\/wp\/v2\/pages\/2301\/revisions"}],"predecessor-version":[{"id":2627,"href":"https:\/\/fnaaf.org\/index.php?rest_route=\/wp\/v2\/pages\/2301\/revisions\/2627"}],"wp:attachment":[{"href":"https:\/\/fnaaf.org\/index.php?rest_route=%2Fwp%2Fv2%2Fmedia&parent=2301"}],"curies":[{"name":"wp","href":"https:\/\/api.w.org\/{rel}","templated":true}]}}