{"id":2310,"date":"2023-02-09T15:52:51","date_gmt":"2023-02-09T14:52:51","guid":{"rendered":"https:\/\/fnaaf.org\/?page_id=2310"},"modified":"2025-03-02T12:41:01","modified_gmt":"2025-03-02T11:41:01","slug":"laccueil-familial","status":"publish","type":"page","link":"https:\/\/fnaaf.org\/?page_id=2310","title":{"rendered":"L&rsquo;Accueil Familial"},"content":{"rendered":"\t\t<div data-elementor-type=\"wp-page\" data-elementor-id=\"2310\" class=\"elementor elementor-2310\">\n\t\t\t\t\t\t<section class=\"elementor-section elementor-top-section elementor-element elementor-element-bb0e187 elementor-section-boxed elementor-section-height-default elementor-section-height-default\" data-id=\"bb0e187\" data-element_type=\"section\" data-settings=\"{&quot;background_background&quot;:&quot;classic&quot;}\">\n\t\t\t\t\t\t\t<div class=\"elementor-background-overlay\"><\/div>\n\t\t\t\t\t\t\t<div class=\"elementor-container elementor-column-gap-default\">\n\t\t\t\t\t<div class=\"elementor-column elementor-col-100 elementor-top-column elementor-element elementor-element-f85a14b\" data-id=\"f85a14b\" data-element_type=\"column\">\n\t\t\t<div class=\"elementor-widget-wrap elementor-element-populated\">\n\t\t\t\t\t\t<div class=\"elementor-element elementor-element-aec3d6d elementor-widget elementor-widget-heading\" data-id=\"aec3d6d\" data-element_type=\"widget\" data-widget_type=\"heading.default\">\n\t\t\t\t<div class=\"elementor-widget-container\">\n\t\t\t\t\t<h2 class=\"elementor-heading-title elementor-size-default\">L'Accueil Familial<\/h2>\t\t\t\t<\/div>\n\t\t\t\t<\/div>\n\t\t\t\t\t<\/div>\n\t\t<\/div>\n\t\t\t\t\t<\/div>\n\t\t<\/section>\n\t\t\t\t<section class=\"elementor-section elementor-top-section elementor-element elementor-element-0faa631 elementor-section-boxed elementor-section-height-default elementor-section-height-default\" data-id=\"0faa631\" data-element_type=\"section\">\n\t\t\t\t\t\t<div class=\"elementor-container elementor-column-gap-default\">\n\t\t\t\t\t<div class=\"elementor-column elementor-col-100 elementor-top-column elementor-element elementor-element-2c5e4a3\" data-id=\"2c5e4a3\" data-element_type=\"column\">\n\t\t\t<div class=\"elementor-widget-wrap elementor-element-populated\">\n\t\t\t\t\t\t<div class=\"elementor-element elementor-element-6686bee elementor-widget elementor-widget-heading\" data-id=\"6686bee\" data-element_type=\"widget\" data-widget_type=\"heading.default\">\n\t\t\t\t<div class=\"elementor-widget-container\">\n\t\t\t\t\t<h4 class=\"elementor-heading-title elementor-size-default\">Entre la vie en collectivit\u00e9 dans un \u00e9tablissement et la vie chez soi, il existe une autre possibilit\u00e9 pour les personnes \u00e2g\u00e9es qui ne peuvent plus rester a\u0300 leur domicile : l\u2019accueil familial. <\/h4>\t\t\t\t<\/div>\n\t\t\t\t<\/div>\n\t\t\t\t\t<\/div>\n\t\t<\/div>\n\t\t\t\t\t<\/div>\n\t\t<\/section>\n\t\t\t\t<section class=\"elementor-section elementor-top-section elementor-element elementor-element-ad67a19 elementor-section-boxed elementor-section-height-default elementor-section-height-default\" data-id=\"ad67a19\" data-element_type=\"section\">\n\t\t\t\t\t\t<div class=\"elementor-container elementor-column-gap-default\">\n\t\t\t\t\t<div class=\"elementor-column elementor-col-100 elementor-top-column elementor-element elementor-element-14d1e19\" data-id=\"14d1e19\" data-element_type=\"column\" data-settings=\"{&quot;background_background&quot;:&quot;classic&quot;}\">\n\t\t\t<div class=\"elementor-widget-wrap elementor-element-populated\">\n\t\t\t\t\t\t<div class=\"elementor-element elementor-element-2b235e1 elementor-widget elementor-widget-heading\" data-id=\"2b235e1\" data-element_type=\"widget\" data-widget_type=\"heading.default\">\n\t\t\t\t<div class=\"elementor-widget-container\">\n\t\t\t\t\t<h2 class=\"elementor-heading-title elementor-size-default\">La F\u00e9d\u00e9ration accompagne...<\/h2>\t\t\t\t<\/div>\n\t\t\t\t<\/div>\n\t\t\t\t<section class=\"elementor-section elementor-inner-section elementor-element elementor-element-7f47d99 elementor-section-boxed elementor-section-height-default elementor-section-height-default\" data-id=\"7f47d99\" data-element_type=\"section\">\n\t\t\t\t\t\t<div class=\"elementor-container elementor-column-gap-default\">\n\t\t\t\t\t<div class=\"elementor-column elementor-col-50 elementor-inner-column elementor-element elementor-element-b790f1f\" data-id=\"b790f1f\" data-element_type=\"column\">\n\t\t\t<div class=\"elementor-widget-wrap elementor-element-populated\">\n\t\t\t\t\t\t<div class=\"elementor-element elementor-element-e6f4a21 elementor-widget elementor-widget-heading\" data-id=\"e6f4a21\" data-element_type=\"widget\" data-widget_type=\"heading.default\">\n\t\t\t\t<div class=\"elementor-widget-container\">\n\t\t\t\t\t<h5 class=\"elementor-heading-title elementor-size-default\">...LES ACCUEILLANTS FAMILIAUX<\/h5>\t\t\t\t<\/div>\n\t\t\t\t<\/div>\n\t\t\t\t<div class=\"elementor-element elementor-element-4385045 elementor-widget elementor-widget-heading\" data-id=\"4385045\" data-element_type=\"widget\" data-widget_type=\"heading.default\">\n\t\t\t\t<div class=\"elementor-widget-container\">\n\t\t\t\t\t<h3 class=\"elementor-heading-title elementor-size-default\">Mission et Engagement aupr\u00e8s des Accueillants Familiaux<\/h3>\t\t\t\t<\/div>\n\t\t\t\t<\/div>\n\t\t\t\t<div class=\"elementor-element elementor-element-0b8f404 elementor-widget elementor-widget-text-editor\" data-id=\"0b8f404\" data-element_type=\"widget\" data-widget_type=\"text-editor.default\">\n\t\t\t\t<div class=\"elementor-widget-container\">\n\t\t\t\t\t\t\t\t\t<p>La FNAAF s\u2019engage \u00e0 :<br \/>&#8211; <strong>Simplifier<\/strong> les d\u00e9marches administratives des accueillants familiaux.<br \/>&#8211; Apporter des conseils et un accompagnement <strong>personnalis\u00e9<\/strong>.<br \/>&#8211; Repr\u00e9senter les accueillants aupr\u00e8s des pouvoirs publics.<br \/>&#8211; Valoriser et promouvoir le mod\u00e8le de l\u2019accueil familial comme alternative aux \u00e9tablissements.<\/p>\t\t\t\t\t\t\t\t<\/div>\n\t\t\t\t<\/div>\n\t\t\t\t<div class=\"elementor-element elementor-element-2ff8d4d elementor-widget elementor-widget-heading\" data-id=\"2ff8d4d\" data-element_type=\"widget\" data-widget_type=\"heading.default\">\n\t\t\t\t<div class=\"elementor-widget-container\">\n\t\t\t\t\t<h3 class=\"elementor-heading-title elementor-size-default\">Accompagnement Administratif<\/h3>\t\t\t\t<\/div>\n\t\t\t\t<\/div>\n\t\t\t\t<div class=\"elementor-element elementor-element-2cd9890 elementor-widget elementor-widget-text-editor\" data-id=\"2cd9890\" data-element_type=\"widget\" data-widget_type=\"text-editor.default\">\n\t\t\t\t<div class=\"elementor-widget-container\">\n\t\t\t\t\t\t\t\t\t<p>La FNAAF assure la <strong>gestion administrative<\/strong> des accueillants familiaux \u00e0 travers :<br \/>&#8211; L\u2019\u00e9laboration des <strong>contrats d\u2019accueil<\/strong>.<br \/>&#8211; La gestion des bulletins de r\u00e9mun\u00e9ration et des cotisations sociales.<br \/>&#8211; L\u2019information sur les <strong>droits et devoirs<\/strong> des accueillants.<br \/>&#8211; Une <strong>assistance<\/strong> en cas de litige ou de difficult\u00e9 avec les services d\u00e9partementaux.<\/p>\t\t\t\t\t\t\t\t<\/div>\n\t\t\t\t<\/div>\n\t\t\t\t<div class=\"elementor-element elementor-element-44da28e elementor-widget elementor-widget-heading\" data-id=\"44da28e\" data-element_type=\"widget\" data-widget_type=\"heading.default\">\n\t\t\t\t<div class=\"elementor-widget-container\">\n\t\t\t\t\t<h3 class=\"elementor-heading-title elementor-size-default\">Formation et Soutien<\/h3>\t\t\t\t<\/div>\n\t\t\t\t<\/div>\n\t\t\t\t<div class=\"elementor-element elementor-element-0494dd8 elementor-widget elementor-widget-text-editor\" data-id=\"0494dd8\" data-element_type=\"widget\" data-widget_type=\"text-editor.default\">\n\t\t\t\t<div class=\"elementor-widget-container\">\n\t\t\t\t\t\t\t\t\t<p>La F\u00e9d\u00e9ration met en place des actions de <strong>formation<\/strong> et de <strong>soutien<\/strong> pour renforcer les comp\u00e9tences des accueillants et assurer une prise en charge optimale des personnes accueillies.<br \/>&#8211; Organisation de formations sur les <strong>aspects juridiques<\/strong> et pratiques du m\u00e9tier.<br \/>&#8211; Cr\u00e9ation d\u2019un r\u00e9seau d\u2019<strong>entraide<\/strong> et de <strong>partage d\u2019exp\u00e9rience<\/strong> entre accueillants.<br \/>&#8211; Accompagnement en cas de difficult\u00e9s.<\/p>\t\t\t\t\t\t\t\t<\/div>\n\t\t\t\t<\/div>\n\t\t\t\t<div class=\"elementor-element elementor-element-df56f89 elementor-widget elementor-widget-heading\" data-id=\"df56f89\" data-element_type=\"widget\" data-widget_type=\"heading.default\">\n\t\t\t\t<div class=\"elementor-widget-container\">\n\t\t\t\t\t<h3 class=\"elementor-heading-title elementor-size-default\">D\u00e9veloppement du R\u00e9seau et Innovations<\/h3>\t\t\t\t<\/div>\n\t\t\t\t<\/div>\n\t\t\t\t<div class=\"elementor-element elementor-element-4fad16d elementor-widget elementor-widget-text-editor\" data-id=\"4fad16d\" data-element_type=\"widget\" data-widget_type=\"text-editor.default\">\n\t\t\t\t<div class=\"elementor-widget-container\">\n\t\t\t\t\t\t\t\t\t<p>La FNAAF d\u00e9veloppe un r\u00e9seau d\u2019accueillants familiaux tout en structurant un mod\u00e8le \u00e9conomique viable. Elle travaille \u00e9galement \u00e0 la mise en place d\u2019outils num\u00e9riques pour faciliter la gestion administrative et le suivi des accueillants.<\/p>\t\t\t\t\t\t\t\t<\/div>\n\t\t\t\t<\/div>\n\t\t\t\t\t<\/div>\n\t\t<\/div>\n\t\t\t\t<div class=\"elementor-column elementor-col-50 elementor-inner-column elementor-element elementor-element-518c991\" data-id=\"518c991\" data-element_type=\"column\">\n\t\t\t<div class=\"elementor-widget-wrap elementor-element-populated\">\n\t\t\t\t\t\t<div class=\"elementor-element elementor-element-0124694 elementor-widget elementor-widget-heading\" data-id=\"0124694\" data-element_type=\"widget\" data-widget_type=\"heading.default\">\n\t\t\t\t<div class=\"elementor-widget-container\">\n\t\t\t\t\t<h5 class=\"elementor-heading-title elementor-size-default\">...LES ACCUEILLIS<\/h5>\t\t\t\t<\/div>\n\t\t\t\t<\/div>\n\t\t\t\t<div class=\"elementor-element elementor-element-b3b8af4 elementor-widget elementor-widget-heading\" data-id=\"b3b8af4\" data-element_type=\"widget\" data-widget_type=\"heading.default\">\n\t\t\t\t<div class=\"elementor-widget-container\">\n\t\t\t\t\t<h3 class=\"elementor-heading-title elementor-size-default\">Vous recherchez un accueil familial<\/h3>\t\t\t\t<\/div>\n\t\t\t\t<\/div>\n\t\t\t\t<div class=\"elementor-element elementor-element-61de8df elementor-widget elementor-widget-text-editor\" data-id=\"61de8df\" data-element_type=\"widget\" data-widget_type=\"text-editor.default\">\n\t\t\t\t<div class=\"elementor-widget-container\">\n\t\t\t\t\t\t\t\t\t<p>Forte de ces 25 ans d&rsquo;exp\u00e9rience, la FNAAF vous <b>conseille<\/b> au plus pr\u00eat de vos attentes et vous <b>accompagne<\/b> dans vos d\u00e9marches.<br \/>Nous vous \u00e9paulons dans votre recherche en vous mettant en contact avec les nombreux accueillants de notre <b>r\u00e9seau<\/b>.<\/p>\t\t\t\t\t\t\t\t<\/div>\n\t\t\t\t<\/div>\n\t\t\t\t<div class=\"elementor-element elementor-element-d76b16a elementor-widget elementor-widget-heading\" data-id=\"d76b16a\" data-element_type=\"widget\" data-widget_type=\"heading.default\">\n\t\t\t\t<div class=\"elementor-widget-container\">\n\t\t\t\t\t<h3 class=\"elementor-heading-title elementor-size-default\">Nous assurons votre gestion administrative<\/h3>\t\t\t\t<\/div>\n\t\t\t\t<\/div>\n\t\t\t\t<div class=\"elementor-element elementor-element-b4ada30 elementor-widget elementor-widget-text-editor\" data-id=\"b4ada30\" data-element_type=\"widget\" data-widget_type=\"text-editor.default\">\n\t\t\t\t<div class=\"elementor-widget-container\">\n\t\t\t\t\t\t\t\t\t<p>Une fois accueilli, vous devenez <b>employeur<\/b> de l\u2019accueillant familial conform\u00e9ment \u00e0 la l\u00e9gislation en vigueur et donc avec toutes les <b>obligations<\/b> qui incombent.<br \/>La F\u00e9d\u00e9ration prend tout en charge administrativement, comme les d\u00e9clarations URSSAF, les bulletins de r\u00e9mun\u00e9ration, arr\u00eats de travail, etc.<br \/>La F\u00e9d\u00e9ration fait vos demandes APL, vous aide pour vos demandes APA et vous conseille sur les autres d\u00e9marches.<\/p><p>\u00a0<\/p>\t\t\t\t\t\t\t\t<\/div>\n\t\t\t\t<\/div>\n\t\t\t\t<div class=\"elementor-element elementor-element-fd2e48d elementor-widget elementor-widget-heading\" data-id=\"fd2e48d\" data-element_type=\"widget\" data-widget_type=\"heading.default\">\n\t\t\t\t<div class=\"elementor-widget-container\">\n\t\t\t\t\t<h3 class=\"elementor-heading-title elementor-size-default\">Nous mettons en place une d\u00e9marche qualit\u00e9<\/h3>\t\t\t\t<\/div>\n\t\t\t\t<\/div>\n\t\t\t\t<div class=\"elementor-element elementor-element-7e162bb elementor-widget elementor-widget-text-editor\" data-id=\"7e162bb\" data-element_type=\"widget\" data-widget_type=\"text-editor.default\">\n\t\t\t\t<div class=\"elementor-widget-container\">\n\t\t\t\t\t\t\t\t\t<p>Tout au long de votre s\u00e9jour, nous faisons un suivi r\u00e9gulier de la <b>qualit\u00e9<\/b> de l&rsquo;accueil. Cette d\u00e9marche qualit\u00e9 s&rsquo;inscrit pour la F\u00e9d\u00e9ration dans une volont\u00e9 plus large de <b>professionnalisation<\/b> de l&rsquo;Accueil Familial.<\/p>\n<p><\/p>\t\t\t\t\t\t\t\t<\/div>\n\t\t\t\t<\/div>\n\t\t\t\t\t<\/div>\n\t\t<\/div>\n\t\t\t\t\t<\/div>\n\t\t<\/section>\n\t\t\t\t\t<\/div>\n\t\t<\/div>\n\t\t\t\t\t<\/div>\n\t\t<\/section>\n\t\t\t\t<section class=\"elementor-section elementor-top-section elementor-element elementor-element-75090bf elementor-section-boxed elementor-section-height-default elementor-section-height-default\" data-id=\"75090bf\" data-element_type=\"section\">\n\t\t\t\t\t\t<div class=\"elementor-container elementor-column-gap-default\">\n\t\t\t\t\t<div class=\"elementor-column elementor-col-50 elementor-top-column elementor-element elementor-element-5bdae05\" data-id=\"5bdae05\" data-element_type=\"column\">\n\t\t\t<div class=\"elementor-widget-wrap\">\n\t\t\t\t\t\t\t<\/div>\n\t\t<\/div>\n\t\t\t\t<div class=\"elementor-column elementor-col-50 elementor-top-column elementor-element elementor-element-84d2f83\" data-id=\"84d2f83\" data-element_type=\"column\">\n\t\t\t<div class=\"elementor-widget-wrap\">\n\t\t\t\t\t\t\t<\/div>\n\t\t<\/div>\n\t\t\t\t\t<\/div>\n\t\t<\/section>\n\t\t\t\t<section class=\"elementor-section elementor-top-section elementor-element elementor-element-6568755 elementor-section-boxed elementor-section-height-default elementor-section-height-default\" data-id=\"6568755\" data-element_type=\"section\">\n\t\t\t\t\t\t<div class=\"elementor-container elementor-column-gap-default\">\n\t\t\t\t\t<div class=\"elementor-column elementor-col-100 elementor-top-column elementor-element elementor-element-52fb9f5\" data-id=\"52fb9f5\" data-element_type=\"column\">\n\t\t\t<div class=\"elementor-widget-wrap elementor-element-populated\">\n\t\t\t\t\t\t<div class=\"elementor-element elementor-element-e3c2dbc elementor-widget elementor-widget-text-editor\" data-id=\"e3c2dbc\" data-element_type=\"widget\" data-widget_type=\"text-editor.default\">\n\t\t\t\t<div class=\"elementor-widget-container\">\n\t\t\t\t\t\t\t\t\t<p>Gr\u00e2ce \u00e0 son engagement et \u00e0 son expertise, la FNAAF contribue activement au d\u00e9veloppement et \u00e0 la professionnalisation de l\u2019accueil familial. Elle accompagne les accueillants familiaux dans toutes les \u00e9tapes de leur parcours, tout en \u0153uvrant pour une reconnaissance accrue de leur r\u00f4le aupr\u00e8s des pouvoirs publics.<\/p>\t\t\t\t\t\t\t\t<\/div>\n\t\t\t\t<\/div>\n\t\t\t\t\t<\/div>\n\t\t<\/div>\n\t\t\t\t\t<\/div>\n\t\t<\/section>\n\t\t\t\t<\/div>\n\t\t","protected":false},"excerpt":{"rendered":"<p>L&rsquo;Accueil Familial Entre la vie en collectivit\u00e9 dans un \u00e9tablissement et la vie chez soi, il existe une autre possibilit\u00e9 pour les personnes \u00e2g\u00e9es qui ne peuvent plus rester a\u0300 leur domicile : l\u2019accueil familial. La F\u00e9d\u00e9ration accompagne&#8230; &#8230;LES ACCUEILLANTS FAMILIAUX Mission et Engagement aupr\u00e8s des Accueillants Familiaux La FNAAF s\u2019engage \u00e0 :&#8211; Simplifier les&#8230;<\/p>\n","protected":false},"author":1,"featured_media":0,"parent":0,"menu_order":0,"comment_status":"closed","ping_status":"closed","template":"elementor_theme","meta":{"_kadence_starter_templates_imported_post":false,"_kad_post_transparent":"","_kad_post_title":"hide","_kad_post_layout":"fullwidth","_kad_post_sidebar_id":"","_kad_post_content_style":"unboxed","_kad_post_vertical_padding":"hide","_kad_post_feature":"hide","_kad_post_feature_position":"","_kad_post_header":false,"_kad_post_footer":false,"footnotes":""},"class_list":["post-2310","page","type-page","status-publish","hentry"],"_links":{"self":[{"href":"https:\/\/fnaaf.org\/index.php?rest_route=\/wp\/v2\/pages\/2310","targetHints":{"allow":["GET"]}}],"collection":[{"href":"https:\/\/fnaaf.org\/index.php?rest_route=\/wp\/v2\/pages"}],"about":[{"href":"https:\/\/fnaaf.org\/index.php?rest_route=\/wp\/v2\/types\/page"}],"author":[{"embeddable":true,"href":"https:\/\/fnaaf.org\/index.php?rest_route=\/wp\/v2\/users\/1"}],"replies":[{"embeddable":true,"href":"https:\/\/fnaaf.org\/index.php?rest_route=%2Fwp%2Fv2%2Fcomments&post=2310"}],"version-history":[{"count":25,"href":"https:\/\/fnaaf.org\/index.php?rest_route=\/wp\/v2\/pages\/2310\/revisions"}],"predecessor-version":[{"id":2631,"href":"https:\/\/fnaaf.org\/index.php?rest_route=\/wp\/v2\/pages\/2310\/revisions\/2631"}],"wp:attachment":[{"href":"https:\/\/fnaaf.org\/index.php?rest_route=%2Fwp%2Fv2%2Fmedia&parent=2310"}],"curies":[{"name":"wp","href":"https:\/\/api.w.org\/{rel}","templated":true}]}}