{"id":2315,"date":"2023-02-09T15:59:15","date_gmt":"2023-02-09T14:59:15","guid":{"rendered":"https:\/\/fnaaf.org\/?page_id=2315"},"modified":"2025-03-02T12:25:46","modified_gmt":"2025-03-02T11:25:46","slug":"les-assistants-maternels","status":"publish","type":"page","link":"https:\/\/fnaaf.org\/?page_id=2315","title":{"rendered":"Les Assistants Maternels"},"content":{"rendered":"\t\t<div data-elementor-type=\"wp-page\" data-elementor-id=\"2315\" class=\"elementor elementor-2315\">\n\t\t\t\t\t\t<section class=\"elementor-section elementor-top-section elementor-element elementor-element-c9e46c4 elementor-section-boxed elementor-section-height-default elementor-section-height-default\" data-id=\"c9e46c4\" data-element_type=\"section\" data-settings=\"{&quot;background_background&quot;:&quot;classic&quot;}\">\n\t\t\t\t\t\t\t<div class=\"elementor-background-overlay\"><\/div>\n\t\t\t\t\t\t\t<div class=\"elementor-container elementor-column-gap-default\">\n\t\t\t\t\t<div class=\"elementor-column elementor-col-100 elementor-top-column elementor-element elementor-element-458f8eb\" data-id=\"458f8eb\" data-element_type=\"column\">\n\t\t\t<div class=\"elementor-widget-wrap elementor-element-populated\">\n\t\t\t\t\t\t<div class=\"elementor-element elementor-element-182f3f5 elementor-widget elementor-widget-heading\" data-id=\"182f3f5\" data-element_type=\"widget\" data-widget_type=\"heading.default\">\n\t\t\t\t<div class=\"elementor-widget-container\">\n\t\t\t\t\t<h2 class=\"elementor-heading-title elementor-size-default\">Les Assistants Maternels<\/h2>\t\t\t\t<\/div>\n\t\t\t\t<\/div>\n\t\t\t\t\t<\/div>\n\t\t<\/div>\n\t\t\t\t\t<\/div>\n\t\t<\/section>\n\t\t\t\t<section class=\"elementor-section elementor-top-section elementor-element elementor-element-44d3354 elementor-section-boxed elementor-section-height-default elementor-section-height-default\" data-id=\"44d3354\" data-element_type=\"section\">\n\t\t\t\t\t\t<div class=\"elementor-container elementor-column-gap-default\">\n\t\t\t\t\t<div class=\"elementor-column elementor-col-100 elementor-top-column elementor-element elementor-element-4c4a954\" data-id=\"4c4a954\" data-element_type=\"column\">\n\t\t\t<div class=\"elementor-widget-wrap elementor-element-populated\">\n\t\t\t\t\t\t<div class=\"elementor-element elementor-element-6390f4f elementor-widget elementor-widget-heading\" data-id=\"6390f4f\" data-element_type=\"widget\" data-widget_type=\"heading.default\">\n\t\t\t\t<div class=\"elementor-widget-container\">\n\t\t\t\t\t<h2 class=\"elementor-heading-title elementor-size-default\">Le M\u00e9tier d'Assistant Maternel : Un Pilier Essentiel de l'Accueil des Jeunes Enfants<\/h2>\t\t\t\t<\/div>\n\t\t\t\t<\/div>\n\t\t\t\t\t<\/div>\n\t\t<\/div>\n\t\t\t\t\t<\/div>\n\t\t<\/section>\n\t\t\t\t<section class=\"elementor-section elementor-top-section elementor-element elementor-element-2fb98b9 elementor-section-boxed elementor-section-height-default elementor-section-height-default\" data-id=\"2fb98b9\" data-element_type=\"section\">\n\t\t\t\t\t\t<div class=\"elementor-container elementor-column-gap-default\">\n\t\t\t\t\t<div class=\"elementor-column elementor-col-100 elementor-top-column elementor-element elementor-element-c08dfd3\" data-id=\"c08dfd3\" data-element_type=\"column\">\n\t\t\t<div class=\"elementor-widget-wrap elementor-element-populated\">\n\t\t\t\t\t\t<div class=\"elementor-element elementor-element-ee2cfb7 elementor-widget elementor-widget-text-editor\" data-id=\"ee2cfb7\" data-element_type=\"widget\" data-widget_type=\"text-editor.default\">\n\t\t\t\t<div class=\"elementor-widget-container\">\n\t\t\t\t\t\t\t\t\t<h4>Un R\u00f4le Cl\u00e9 dans la Petite Enfance<\/h4><p>L\u2019assistant maternel accueille \u00e0 son domicile ou en maison d\u2019assistants maternels (MAM) des enfants de quelques mois \u00e0 six ans. Il assure leur \u00e9veil, leur socialisation et leur bien-\u00eatre au quotidien.<\/p><h4>Une Profession R\u00e9glement\u00e9e et Encadr\u00e9e<\/h4><p>Ce m\u00e9tier n\u00e9cessite un agr\u00e9ment du Conseil d\u00e9partemental, garantissant la qualit\u00e9 de l\u2019accueil. L\u2019agr\u00e9ment repose sur :\u2028- Un contr\u00f4le du domicile (s\u00e9curit\u00e9 et adaptation aux jeunes enfants).\u2028- Une formation obligatoire de 120 heures.\u2028- Un suivi r\u00e9gulier par la PMI (Protection Maternelle et Infantile).<\/p><h4>Les Missions de l\u2019Assistant Maternel<\/h4><p>&#8211; Accompagner l\u2019enfant : soins, repas, respect du rythme de chaque enfant.\u2028<br \/>&#8211; Stimuler l\u2019\u00e9veil : activit\u00e9s p\u00e9dagogiques, jeux et sorties \u00e9ducatives.<br \/>\u2028- Cr\u00e9er un cadre rassurant : favoriser l\u2019autonomie et la s\u00e9curit\u00e9 affective.<\/p><h4>Un Contrat de Travail Adapt\u00e9 aux Familles<\/h4><p>L\u2019assistant maternel est salari\u00e9 des parents employeurs. Le contrat de travail pr\u00e9cise :<br \/>\u2028- Les horaires et la r\u00e9mun\u00e9ration.\u2028<br \/>&#8211; Les cong\u00e9s et p\u00e9riodes d\u2019adaptation.\u2028<br \/>&#8211; Les droits et devoirs de chaque partie.<br \/>\u2028\u2028Le m\u00e9tier est encadr\u00e9 par la Convention collective nationale des assistants maternels du particulier employeur.<\/p><h4>Une Profession en Tension : Un Besoin Croissant<\/h4><p>Face \u00e0 la diminution des places en cr\u00e8che, la demande augmente, mais la profession rencontre des d\u00e9fis :\u2028<br \/>&#8211; Instabilit\u00e9 des revenus en fonction des contrats.\u2028<br \/>&#8211; Reconnaissance insuffisante du r\u00f4le \u00e9ducatif.<br \/>\u2028- R\u00e9glementation stricte et contraintes administratives.<\/p><h4>La FNAAF aux C\u00f4t\u00e9s des Assistants Maternels<\/h4><p>Bien que notre engagement historique concerne l\u2019accueil familial, nous soutenons aussi les assistants maternels en :\u2028<br \/>&#8211; Informant sur les droits et obligations.\u2028<br \/>&#8211; Promouvant la reconnaissance du m\u00e9tier.\u2028<br \/>&#8211; Accompagnant dans les d\u00e9marches administratives.<\/p>\t\t\t\t\t\t\t\t<\/div>\n\t\t\t\t<\/div>\n\t\t\t\t<div class=\"elementor-element elementor-element-71db0be elementor-widget elementor-widget-heading\" data-id=\"71db0be\" data-element_type=\"widget\" data-widget_type=\"heading.default\">\n\t\t\t\t<div class=\"elementor-widget-container\">\n\t\t\t\t\t<h3 class=\"elementor-heading-title elementor-size-default\">Vous \u00eates assistant maternel ou souhaitez le devenir ? \nContactez-nous pour plus d\u2019informations sur vos droits et d\u00e9marches !<\/h3>\t\t\t\t<\/div>\n\t\t\t\t<\/div>\n\t\t\t\t\t<\/div>\n\t\t<\/div>\n\t\t\t\t\t<\/div>\n\t\t<\/section>\n\t\t\t\t<\/div>\n\t\t","protected":false},"excerpt":{"rendered":"<p>Les Assistants Maternels Le M\u00e9tier d&rsquo;Assistant Maternel : Un Pilier Essentiel de l&rsquo;Accueil des Jeunes Enfants Un R\u00f4le Cl\u00e9 dans la Petite Enfance L\u2019assistant maternel accueille \u00e0 son domicile ou en maison d\u2019assistants maternels (MAM) des enfants de quelques mois \u00e0 six ans. Il assure leur \u00e9veil, leur socialisation et leur bien-\u00eatre au quotidien. Une&#8230;<\/p>\n","protected":false},"author":1,"featured_media":0,"parent":0,"menu_order":0,"comment_status":"closed","ping_status":"closed","template":"elementor_theme","meta":{"_kadence_starter_templates_imported_post":false,"_kad_post_transparent":"","_kad_post_title":"hide","_kad_post_layout":"fullwidth","_kad_post_sidebar_id":"","_kad_post_content_style":"unboxed","_kad_post_vertical_padding":"hide","_kad_post_feature":"hide","_kad_post_feature_position":"","_kad_post_header":false,"_kad_post_footer":false,"footnotes":""},"class_list":["post-2315","page","type-page","status-publish","hentry"],"_links":{"self":[{"href":"https:\/\/fnaaf.org\/index.php?rest_route=\/wp\/v2\/pages\/2315","targetHints":{"allow":["GET"]}}],"collection":[{"href":"https:\/\/fnaaf.org\/index.php?rest_route=\/wp\/v2\/pages"}],"about":[{"href":"https:\/\/fnaaf.org\/index.php?rest_route=\/wp\/v2\/types\/page"}],"author":[{"embeddable":true,"href":"https:\/\/fnaaf.org\/index.php?rest_route=\/wp\/v2\/users\/1"}],"replies":[{"embeddable":true,"href":"https:\/\/fnaaf.org\/index.php?rest_route=%2Fwp%2Fv2%2Fcomments&post=2315"}],"version-history":[{"count":10,"href":"https:\/\/fnaaf.org\/index.php?rest_route=\/wp\/v2\/pages\/2315\/revisions"}],"predecessor-version":[{"id":2624,"href":"https:\/\/fnaaf.org\/index.php?rest_route=\/wp\/v2\/pages\/2315\/revisions\/2624"}],"wp:attachment":[{"href":"https:\/\/fnaaf.org\/index.php?rest_route=%2Fwp%2Fv2%2Fmedia&parent=2315"}],"curies":[{"name":"wp","href":"https:\/\/api.w.org\/{rel}","templated":true}]}}