{"id":2332,"date":"2023-02-09T16:54:24","date_gmt":"2023-02-09T15:54:24","guid":{"rendered":"https:\/\/fnaaf.org\/?page_id=2332"},"modified":"2025-03-02T10:58:44","modified_gmt":"2025-03-02T09:58:44","slug":"nos-projets","status":"publish","type":"page","link":"https:\/\/fnaaf.org\/?page_id=2332","title":{"rendered":"Nos Projets"},"content":{"rendered":"\t\t<div data-elementor-type=\"wp-page\" data-elementor-id=\"2332\" class=\"elementor elementor-2332\">\n\t\t\t\t\t\t<section class=\"elementor-section elementor-top-section elementor-element elementor-element-a235a36 elementor-section-boxed elementor-section-height-default elementor-section-height-default\" data-id=\"a235a36\" data-element_type=\"section\" data-settings=\"{&quot;background_background&quot;:&quot;classic&quot;}\">\n\t\t\t\t\t\t\t<div class=\"elementor-background-overlay\"><\/div>\n\t\t\t\t\t\t\t<div class=\"elementor-container elementor-column-gap-default\">\n\t\t\t\t\t<div class=\"elementor-column elementor-col-100 elementor-top-column elementor-element elementor-element-2cbe499\" data-id=\"2cbe499\" data-element_type=\"column\">\n\t\t\t<div class=\"elementor-widget-wrap elementor-element-populated\">\n\t\t\t\t\t\t<div class=\"elementor-element elementor-element-7552a0f elementor-widget elementor-widget-heading\" data-id=\"7552a0f\" data-element_type=\"widget\" data-widget_type=\"heading.default\">\n\t\t\t\t<div class=\"elementor-widget-container\">\n\t\t\t\t\t<h1 class=\"elementor-heading-title elementor-size-default\">Nos Projets<\/h1>\t\t\t\t<\/div>\n\t\t\t\t<\/div>\n\t\t\t\t\t<\/div>\n\t\t<\/div>\n\t\t\t\t\t<\/div>\n\t\t<\/section>\n\t\t\t\t<section class=\"elementor-section elementor-top-section elementor-element elementor-element-136ef34 elementor-section-boxed elementor-section-height-default elementor-section-height-default\" data-id=\"136ef34\" data-element_type=\"section\">\n\t\t\t\t\t\t<div class=\"elementor-container elementor-column-gap-default\">\n\t\t\t\t\t<div class=\"elementor-column elementor-col-100 elementor-top-column elementor-element elementor-element-5bc8739\" data-id=\"5bc8739\" data-element_type=\"column\">\n\t\t\t<div class=\"elementor-widget-wrap elementor-element-populated\">\n\t\t\t\t\t\t<div class=\"elementor-element elementor-element-180ebe3 elementor-widget elementor-widget-heading\" data-id=\"180ebe3\" data-element_type=\"widget\" data-widget_type=\"heading.default\">\n\t\t\t\t<div class=\"elementor-widget-container\">\n\t\t\t\t\t<h2 class=\"elementor-heading-title elementor-size-default\">D\u00e9velopper un mod\u00e8le structur\u00e9 d\u2019accueil familial dans votre d\u00e9partement<\/h2>\t\t\t\t<\/div>\n\t\t\t\t<\/div>\n\t\t\t\t\t<\/div>\n\t\t<\/div>\n\t\t\t\t\t<\/div>\n\t\t<\/section>\n\t\t\t\t<section class=\"elementor-section elementor-top-section elementor-element elementor-element-4da4648 elementor-section-boxed elementor-section-height-default elementor-section-height-default\" data-id=\"4da4648\" data-element_type=\"section\">\n\t\t\t\t\t\t<div class=\"elementor-container elementor-column-gap-default\">\n\t\t\t\t\t<div class=\"elementor-column elementor-col-100 elementor-top-column elementor-element elementor-element-bbe0891\" data-id=\"bbe0891\" data-element_type=\"column\">\n\t\t\t<div class=\"elementor-widget-wrap elementor-element-populated\">\n\t\t\t\t\t\t<div class=\"elementor-element elementor-element-e4ef19b elementor-widget__width-initial elementor-widget elementor-widget-text-editor\" data-id=\"e4ef19b\" data-element_type=\"widget\" data-widget_type=\"text-editor.default\">\n\t\t\t\t<div class=\"elementor-widget-container\">\n\t\t\t\t\t\t\t\t\t<p>La F\u00e9d\u00e9ration Nationale des Aidants et Accueillants Familiaux (FNAAF) propose aux d\u00e9partements un mod\u00e8le d\u2019accueil familial structur\u00e9, conciliant un accompagnement de qualit\u00e9 pour les personnes \u00e2g\u00e9es et une gestion administrative simplifi\u00e9e pour les accueillants.\u2028\u2028<br \/>Face aux d\u00e9fis du vieillissement et aux limites des \u00e9tablissements traditionnels, l\u2019accueil familial repr\u00e9sente une alternative humaine, s\u00e9curis\u00e9e et adapt\u00e9e aux besoins des personnes en perte d\u2019autonomie. Toutefois, son d\u00e9veloppement est frein\u00e9 par des lourdeurs administratives et un manque de structuration.<\/p><h4>Un cadre cl\u00e9 en main pour les d\u00e9partements<\/h4><p>La FNAAF met en place un mod\u00e8le d\u2019accueil familial organis\u00e9, permettant aux d\u00e9partements de soutenir et d\u2019encadrer efficacement ce mode d\u2019h\u00e9bergement tout en assurant son attractivit\u00e9 pour les accueillants.\u2028\u2028<br \/>\ud83d\udd39 Ce que nous proposons :<br \/>Une gestion administrative centralis\u00e9e : prise en charge des bulletins de salaire, contrats et d\u00e9clarations, all\u00e9geant la charge des accueillants.<br \/>Un accompagnement des accueillants familiaux : pr\u00e9-recrutement des candidats, suivi et conseils, en coordination avec les services d\u00e9partementaux.<br \/>Un mod\u00e8le \u00e9conomique transparent et \u00e9quilibr\u00e9 :<br \/>\u00a0\u00a0 &#8211; R\u00e9mun\u00e9ration de l\u2019accueillant : 3 SMIC\/jour<br \/>\u00a0\u00a0 &#8211; Frais d\u2019entretien : 5 MG par personne accueillie<br \/>\u00a0\u00a0 &#8211; Loyer : 300 \u20ac par personne accueillie<br \/>\u00a0\u00a0 &#8211; Pr\u00e9sence d\u2019une rempla\u00e7ante 8 jours par mois pour assurer une continuit\u00e9 des soins<br \/>\u00a0\u00a0 &#8211; Participation financi\u00e8re des accueillants : 50 \u20ac par personne accueillie pour la gestion administrative<\/p><h4>Pourquoi int\u00e9grer ce mod\u00e8le dans votre d\u00e9partement ?<\/h4><p>Faciliter le d\u00e9veloppement de l\u2019accueil familial en apportant une solution cl\u00e9 en main aux accueillants et aux familles.<br \/>All\u00e9ger la charge des services sociaux en d\u00e9l\u00e9guant la gestion administrative \u00e0 un organisme sp\u00e9cialis\u00e9.<\/p>\t\t\t\t\t\t\t\t<\/div>\n\t\t\t\t<\/div>\n\t\t\t\t\t<\/div>\n\t\t<\/div>\n\t\t\t\t\t<\/div>\n\t\t<\/section>\n\t\t\t\t<\/div>\n\t\t","protected":false},"excerpt":{"rendered":"<p>Nos Projets D\u00e9velopper un mod\u00e8le structur\u00e9 d\u2019accueil familial dans votre d\u00e9partement La F\u00e9d\u00e9ration Nationale des Aidants et Accueillants Familiaux (FNAAF) propose aux d\u00e9partements un mod\u00e8le d\u2019accueil familial structur\u00e9, conciliant un accompagnement de qualit\u00e9 pour les personnes \u00e2g\u00e9es et une gestion administrative simplifi\u00e9e pour les accueillants.\u2028\u2028Face aux d\u00e9fis du vieillissement et aux limites des \u00e9tablissements traditionnels,&#8230;<\/p>\n","protected":false},"author":1,"featured_media":0,"parent":0,"menu_order":0,"comment_status":"closed","ping_status":"closed","template":"elementor_theme","meta":{"_kadence_starter_templates_imported_post":false,"_kad_post_transparent":"","_kad_post_title":"hide","_kad_post_layout":"fullwidth","_kad_post_sidebar_id":"","_kad_post_content_style":"unboxed","_kad_post_vertical_padding":"hide","_kad_post_feature":"hide","_kad_post_feature_position":"","_kad_post_header":false,"_kad_post_footer":false,"footnotes":""},"class_list":["post-2332","page","type-page","status-publish","hentry"],"_links":{"self":[{"href":"https:\/\/fnaaf.org\/index.php?rest_route=\/wp\/v2\/pages\/2332","targetHints":{"allow":["GET"]}}],"collection":[{"href":"https:\/\/fnaaf.org\/index.php?rest_route=\/wp\/v2\/pages"}],"about":[{"href":"https:\/\/fnaaf.org\/index.php?rest_route=\/wp\/v2\/types\/page"}],"author":[{"embeddable":true,"href":"https:\/\/fnaaf.org\/index.php?rest_route=\/wp\/v2\/users\/1"}],"replies":[{"embeddable":true,"href":"https:\/\/fnaaf.org\/index.php?rest_route=%2Fwp%2Fv2%2Fcomments&post=2332"}],"version-history":[{"count":7,"href":"https:\/\/fnaaf.org\/index.php?rest_route=\/wp\/v2\/pages\/2332\/revisions"}],"predecessor-version":[{"id":2604,"href":"https:\/\/fnaaf.org\/index.php?rest_route=\/wp\/v2\/pages\/2332\/revisions\/2604"}],"wp:attachment":[{"href":"https:\/\/fnaaf.org\/index.php?rest_route=%2Fwp%2Fv2%2Fmedia&parent=2332"}],"curies":[{"name":"wp","href":"https:\/\/api.w.org\/{rel}","templated":true}]}}